{"id":1543,"date":"2021-05-03T04:50:56","date_gmt":"2021-05-03T04:50:56","guid":{"rendered":"https:\/\/www.stonebridge-insurance.com\/?page_id=1543"},"modified":"2024-04-23T08:09:17","modified_gmt":"2024-04-23T08:09:17","slug":"home","status":"publish","type":"page","link":"https:\/\/www.stonebridge-insurance.com\/fr\/","title":{"rendered":"Home"},"content":{"rendered":"\t\t<div data-elementor-type=\"wp-page\" data-elementor-id=\"1543\" class=\"elementor elementor-1543\" data-elementor-post-type=\"page\">\n\t\t\t\t\t\t<section class=\"elementor-section elementor-top-section elementor-element elementor-element-e4b0fa5 elementor-section-full_width elementor-section-content-middle homebanner elementor-section-height-min-height elementor-section-height-default elementor-section-items-middle\" data-id=\"e4b0fa5\" data-element_type=\"section\" data-e-type=\"section\" data-settings=\"{&quot;background_background&quot;:&quot;classic&quot;}\">\n\t\t\t\t\t\t<div class=\"elementor-container elementor-column-gap-no\">\n\t\t\t\t\t<div class=\"elementor-column elementor-col-50 elementor-top-column elementor-element elementor-element-562034e\" data-id=\"562034e\" data-element_type=\"column\" data-e-type=\"column\">\n\t\t\t<div class=\"elementor-widget-wrap elementor-element-populated\">\n\t\t\t\t\t\t<div class=\"elementor-element elementor-element-098aca6 elementor-widget elementor-widget-image\" data-id=\"098aca6\" data-element_type=\"widget\" data-e-type=\"widget\" data-widget_type=\"image.default\">\n\t\t\t\t<div class=\"elementor-widget-container\">\n\t\t\t\t\t\t\t\t\t\t\t\t\t\t\t<img fetchpriority=\"high\" decoding=\"async\" width=\"1920\" height=\"1280\" src=\"https:\/\/www.stonebridge-insurance.com\/wp-content\/uploads\/2021\/05\/header-home-1.jpg\" class=\"attachment-full size-full wp-image-149\" alt=\"\" srcset=\"https:\/\/www.stonebridge-insurance.com\/wp-content\/uploads\/2021\/05\/header-home-1.jpg 1920w, https:\/\/www.stonebridge-insurance.com\/wp-content\/uploads\/2021\/05\/header-home-1-300x200.jpg 300w, https:\/\/www.stonebridge-insurance.com\/wp-content\/uploads\/2021\/05\/header-home-1-1024x683.jpg 1024w, https:\/\/www.stonebridge-insurance.com\/wp-content\/uploads\/2021\/05\/header-home-1-768x512.jpg 768w, https:\/\/www.stonebridge-insurance.com\/wp-content\/uploads\/2021\/05\/header-home-1-1536x1024.jpg 1536w\" sizes=\"(max-width: 1920px) 100vw, 1920px\" \/>\t\t\t\t\t\t\t\t\t\t\t\t\t\t\t<\/div>\n\t\t\t\t<\/div>\n\t\t\t\t\t<\/div>\n\t\t<\/div>\n\t\t\t\t<div class=\"elementor-column elementor-col-50 elementor-top-column elementor-element elementor-element-aa7242b banner-righttext\" data-id=\"aa7242b\" data-element_type=\"column\" data-e-type=\"column\" data-settings=\"{&quot;background_background&quot;:&quot;gradient&quot;}\">\n\t\t\t<div class=\"elementor-widget-wrap elementor-element-populated\">\n\t\t\t\t\t<div class=\"elementor-background-overlay\"><\/div>\n\t\t\t\t\t\t<div class=\"elementor-element elementor-element-a1ffbeb helpintext elementor-widget elementor-widget-heading\" data-id=\"a1ffbeb\" data-element_type=\"widget\" data-e-type=\"widget\" data-widget_type=\"heading.default\">\n\t\t\t\t<div class=\"elementor-widget-container\">\n\t\t\t\t\t<h1 class=\"elementor-heading-title elementor-size-default\">Vous aider \u00e0 prot\u00e9ger ce qui est important.\n<\/h1>\t\t\t\t<\/div>\n\t\t\t\t<\/div>\n\t\t\t\t\t<\/div>\n\t\t<\/div>\n\t\t\t\t\t<\/div>\n\t\t<\/section>\n\t\t\t\t<section class=\"elementor-section elementor-top-section elementor-element elementor-element-9a5c55a elementor-section-boxed elementor-section-height-default elementor-section-height-default\" data-id=\"9a5c55a\" data-element_type=\"section\" data-e-type=\"section\">\n\t\t\t\t\t\t<div class=\"elementor-container elementor-column-gap-default\">\n\t\t\t\t\t<div class=\"elementor-column elementor-col-100 elementor-top-column elementor-element elementor-element-fd083ac\" data-id=\"fd083ac\" data-element_type=\"column\" data-e-type=\"column\">\n\t\t\t<div class=\"elementor-widget-wrap elementor-element-populated\">\n\t\t\t\t\t\t<div class=\"elementor-element elementor-element-7a7f6e3 elementor-widget elementor-widget-heading\" data-id=\"7a7f6e3\" data-element_type=\"widget\" data-e-type=\"widget\" data-widget_type=\"heading.default\">\n\t\t\t\t<div class=\"elementor-widget-container\">\n\t\t\t\t\t<h2 class=\"elementor-heading-title elementor-size-default\">En raison du Brexit et de la sortie du Royaume-Uni de l'Union europ\u00e9enne, Stonebridge n'est plus en mesure de vous fournir votre police d'assurance. Une lettre de confirmation a \u00e9t\u00e9 envoy\u00e9e \u00e0 tous les clients en d\u00e9cembre 2020 confirmant notre d\u00e9cision et la date de paiement de la derni\u00e8re prime.\n<br><br>\nSi vous souhaitez nous contacter, veuillez nous envoyer un e-mail \u00e0 customerservices-uk@stonebridge-insurance.com\n<\/h2>\t\t\t\t<\/div>\n\t\t\t\t<\/div>\n\t\t\t\t<div class=\"elementor-element elementor-element-3e60c74 elementor-widget elementor-widget-heading\" data-id=\"3e60c74\" data-element_type=\"widget\" data-e-type=\"widget\" data-widget_type=\"heading.default\">\n\t\t\t\t<div class=\"elementor-widget-container\">\n\t\t\t\t\t<h1 class=\"elementor-heading-title elementor-size-default\">Nous contacter\n<\/h1>\t\t\t\t<\/div>\n\t\t\t\t<\/div>\n\t\t\t\t\t<\/div>\n\t\t<\/div>\n\t\t\t\t\t<\/div>\n\t\t<\/section>\n\t\t\t\t<section class=\"elementor-section elementor-top-section elementor-element elementor-element-21218ce elementor-section-boxed elementor-section-height-default elementor-section-height-default\" data-id=\"21218ce\" data-element_type=\"section\" data-e-type=\"section\">\n\t\t\t\t\t\t<div class=\"elementor-container elementor-column-gap-default\">\n\t\t\t\t\t<div class=\"elementor-column elementor-col-50 elementor-top-column elementor-element elementor-element-9ffdaa2\" data-id=\"9ffdaa2\" data-element_type=\"column\" data-e-type=\"column\" data-settings=\"{&quot;background_background&quot;:&quot;classic&quot;}\">\n\t\t\t<div class=\"elementor-widget-wrap elementor-element-populated\">\n\t\t\t\t\t\t<div class=\"elementor-element elementor-element-0b16c78 elementor-widget elementor-widget-spacer\" data-id=\"0b16c78\" data-element_type=\"widget\" data-e-type=\"widget\" data-widget_type=\"spacer.default\">\n\t\t\t\t<div class=\"elementor-widget-container\">\n\t\t\t\t\t\t\t<div class=\"elementor-spacer\">\n\t\t\t<div class=\"elementor-spacer-inner\"><\/div>\n\t\t<\/div>\n\t\t\t\t\t\t<\/div>\n\t\t\t\t<\/div>\n\t\t\t\t\t<\/div>\n\t\t<\/div>\n\t\t\t\t<div class=\"elementor-column elementor-col-50 elementor-top-column elementor-element elementor-element-eb8991d\" data-id=\"eb8991d\" data-element_type=\"column\" data-e-type=\"column\">\n\t\t\t<div class=\"elementor-widget-wrap elementor-element-populated\">\n\t\t\t\t\t\t<section class=\"elementor-section elementor-inner-section elementor-element elementor-element-69100c3 elementor-section-boxed elementor-section-height-default elementor-section-height-default\" data-id=\"69100c3\" data-element_type=\"section\" data-e-type=\"section\">\n\t\t\t\t\t\t<div class=\"elementor-container elementor-column-gap-default\">\n\t\t\t\t\t<div class=\"elementor-column elementor-col-100 elementor-inner-column elementor-element elementor-element-6fa52fd\" data-id=\"6fa52fd\" data-element_type=\"column\" data-e-type=\"column\" data-settings=\"{&quot;background_background&quot;:&quot;classic&quot;}\">\n\t\t\t<div class=\"elementor-widget-wrap elementor-element-populated\">\n\t\t\t\t\t\t<div class=\"elementor-element elementor-element-78da8c7 elementor-widget elementor-widget-heading\" data-id=\"78da8c7\" data-element_type=\"widget\" data-e-type=\"widget\" data-widget_type=\"heading.default\">\n\t\t\t\t<div class=\"elementor-widget-container\">\n\t\t\t\t\t<h2 class=\"elementor-heading-title elementor-size-default\">Comment nous contacter?\n<\/h2>\t\t\t\t<\/div>\n\t\t\t\t<\/div>\n\t\t\t\t<div class=\"elementor-element elementor-element-ddcce14 elementor-widget elementor-widget-text-editor\" data-id=\"ddcce14\" data-element_type=\"widget\" data-e-type=\"widget\" data-widget_type=\"text-editor.default\">\n\t\t\t\t<div class=\"elementor-widget-container\">\n\t\t\t\t\t\t\t\t\tLorsque vous nous contactez, veuillez fournir suffisamment d&rsquo;informations pour que nous puissions vous identifier et trouver votre police.\t\t\t\t\t\t\t\t<\/div>\n\t\t\t\t<\/div>\n\t\t\t\t<div class=\"elementor-element elementor-element-4a9cc71 elementor-widget elementor-widget-text-editor\" data-id=\"4a9cc71\" data-element_type=\"widget\" data-e-type=\"widget\" data-widget_type=\"text-editor.default\">\n\t\t\t\t<div class=\"elementor-widget-container\">\n\t\t\t\t\t\t\t\t\t<p>Par email: customerservices-uk@stonebridge-insurance.com<\/p>\t\t\t\t\t\t\t\t<\/div>\n\t\t\t\t<\/div>\n\t\t\t\t\t<\/div>\n\t\t<\/div>\n\t\t\t\t\t<\/div>\n\t\t<\/section>\n\t\t\t\t<section class=\"elementor-section elementor-inner-section elementor-element elementor-element-156d362 elementor-section-boxed elementor-section-height-default elementor-section-height-default\" data-id=\"156d362\" data-element_type=\"section\" data-e-type=\"section\">\n\t\t\t\t\t\t<div class=\"elementor-container elementor-column-gap-default\">\n\t\t\t\t\t<div class=\"elementor-column elementor-col-100 elementor-inner-column elementor-element elementor-element-40d2e3d\" data-id=\"40d2e3d\" data-element_type=\"column\" data-e-type=\"column\" data-settings=\"{&quot;background_background&quot;:&quot;classic&quot;}\">\n\t\t\t<div class=\"elementor-widget-wrap elementor-element-populated\">\n\t\t\t\t\t\t<div class=\"elementor-element elementor-element-5ddd169 elementor-widget elementor-widget-heading\" data-id=\"5ddd169\" data-element_type=\"widget\" data-e-type=\"widget\" data-widget_type=\"heading.default\">\n\t\t\t\t<div class=\"elementor-widget-container\">\n\t\t\t\t\t<h2 class=\"elementor-heading-title elementor-size-default\">D\u00e9clarer un sinistre\n<\/h2>\t\t\t\t<\/div>\n\t\t\t\t<\/div>\n\t\t\t\t<div class=\"elementor-element elementor-element-44c430b elementor-widget elementor-widget-text-editor\" data-id=\"44c430b\" data-element_type=\"widget\" data-e-type=\"widget\" data-widget_type=\"text-editor.default\">\n\t\t\t\t<div class=\"elementor-widget-container\">\n\t\t\t\t\t\t\t\t\t<p>Nous sommes conscients que d\u00e9clarer un sinistre peut parfois sembler compliqu\u00e9.\u00a0<\/p><p id=\"tw-target-text\" class=\"tw-data-text tw-text-large tw-ta\" dir=\"ltr\" data-placeholder=\"Translation\" aria-label=\"Translated text\" data-ved=\"2ahUKEwjuxIKh79eFAxWSV0EAHT1qCaAQ3ewLegQIBRAU\"><span class=\"Y2IQFc\" lang=\"fr\">Veuillez nous contacter sur l&rsquo;e-mail ci-dessous<\/span><\/p><p dir=\"ltr\" data-placeholder=\"Translation\" aria-label=\"Translated text\" data-ved=\"2ahUKEwjuxIKh79eFAxWSV0EAHT1qCaAQ3ewLegQIBRAU\">Par email: customerservices-uk@stonebridge-insurance.com<\/p>\t\t\t\t\t\t\t\t<\/div>\n\t\t\t\t<\/div>\n\t\t\t\t\t<\/div>\n\t\t<\/div>\n\t\t\t\t\t<\/div>\n\t\t<\/section>\n\t\t\t\t\t<\/div>\n\t\t<\/div>\n\t\t\t\t\t<\/div>\n\t\t<\/section>\n\t\t\t\t<\/div>\n\t\t","protected":false},"excerpt":{"rendered":"<p>Vous aider \u00e0 prot\u00e9ger ce qui est important. En raison du Brexit et de la sortie du Royaume-Uni de l&rsquo;Union europ\u00e9enne, Stonebridge n&rsquo;est plus en mesure de vous fournir votre police d&rsquo;assurance. Une lettre de confirmation a \u00e9t\u00e9 envoy\u00e9e \u00e0 tous les clients en d\u00e9cembre 2020 confirmant notre d\u00e9cision et la date de paiement de [&hellip;]<\/p>\n","protected":false},"author":1,"featured_media":0,"parent":0,"menu_order":0,"comment_status":"closed","ping_status":"open","template":"","meta":{"_monsterinsights_skip_tracking":false,"_monsterinsights_sitenote_active":false,"_monsterinsights_sitenote_note":"","_monsterinsights_sitenote_category":0,"footnotes":""},"class_list":["post-1543","page","type-page","status-publish","hentry"],"yoast_head":"<!-- This site is optimized with the Yoast SEO plugin v27.4 - https:\/\/yoast.com\/product\/yoast-seo-wordpress\/ -->\n<title>Home - Stonebridge Insurance<\/title>\n<meta name=\"robots\" content=\"index, follow, max-snippet:-1, max-image-preview:large, max-video-preview:-1\" \/>\n<link rel=\"canonical\" href=\"https:\/\/www.stonebridge-insurance.com\/fr\/\" \/>\n<meta property=\"og:locale\" content=\"fr_FR\" \/>\n<meta property=\"og:type\" content=\"article\" \/>\n<meta property=\"og:title\" content=\"Home - Stonebridge Insurance\" \/>\n<meta property=\"og:description\" content=\"Vous aider \u00e0 prot\u00e9ger ce qui est important. En raison du Brexit et de la sortie du Royaume-Uni de l&rsquo;Union europ\u00e9enne, Stonebridge n&rsquo;est plus en mesure de vous fournir votre police d&rsquo;assurance. Une lettre de confirmation a \u00e9t\u00e9 envoy\u00e9e \u00e0 tous les clients en d\u00e9cembre 2020 confirmant notre d\u00e9cision et la date de paiement de [&hellip;]\" \/>\n<meta property=\"og:url\" content=\"https:\/\/www.stonebridge-insurance.com\/fr\/\" \/>\n<meta property=\"og:site_name\" content=\"Stonebridge Insurance\" \/>\n<meta property=\"article:publisher\" content=\"https:\/\/www.facebook.com\/StonebridgeInternationalInsurance\" \/>\n<meta property=\"article:modified_time\" content=\"2024-04-23T08:09:17+00:00\" \/>\n<meta property=\"og:image\" content=\"https:\/\/www.stonebridge-insurance.com\/wp-content\/uploads\/2021\/05\/header-home-1.jpg\" \/>\n<meta name=\"twitter:card\" content=\"summary_large_image\" \/>\n<meta name=\"twitter:site\" content=\"@StonebridgeInt\" \/>\n<meta name=\"twitter:label1\" content=\"Dur\u00e9e de lecture estim\u00e9e\" \/>\n\t<meta name=\"twitter:data1\" content=\"1 minute\" \/>\n<script type=\"application\/ld+json\" class=\"yoast-schema-graph\">{\"@context\":\"https:\\\/\\\/schema.org\",\"@graph\":[{\"@type\":\"WebPage\",\"@id\":\"https:\\\/\\\/www.stonebridge-insurance.com\\\/fr\\\/\",\"url\":\"https:\\\/\\\/www.stonebridge-insurance.com\\\/fr\\\/\",\"name\":\"Home - Stonebridge Insurance\",\"isPartOf\":{\"@id\":\"https:\\\/\\\/www.stonebridge-insurance.com\\\/#website\"},\"primaryImageOfPage\":{\"@id\":\"https:\\\/\\\/www.stonebridge-insurance.com\\\/fr\\\/#primaryimage\"},\"image\":{\"@id\":\"https:\\\/\\\/www.stonebridge-insurance.com\\\/fr\\\/#primaryimage\"},\"thumbnailUrl\":\"https:\\\/\\\/www.stonebridge-insurance.com\\\/wp-content\\\/uploads\\\/2021\\\/05\\\/header-home-1.jpg\",\"datePublished\":\"2021-05-03T04:50:56+00:00\",\"dateModified\":\"2024-04-23T08:09:17+00:00\",\"breadcrumb\":{\"@id\":\"https:\\\/\\\/www.stonebridge-insurance.com\\\/fr\\\/#breadcrumb\"},\"inLanguage\":\"fr-FR\",\"potentialAction\":[{\"@type\":\"ReadAction\",\"target\":[\"https:\\\/\\\/www.stonebridge-insurance.com\\\/fr\\\/\"]}]},{\"@type\":\"ImageObject\",\"inLanguage\":\"fr-FR\",\"@id\":\"https:\\\/\\\/www.stonebridge-insurance.com\\\/fr\\\/#primaryimage\",\"url\":\"https:\\\/\\\/www.stonebridge-insurance.com\\\/wp-content\\\/uploads\\\/2021\\\/05\\\/header-home-1.jpg\",\"contentUrl\":\"https:\\\/\\\/www.stonebridge-insurance.com\\\/wp-content\\\/uploads\\\/2021\\\/05\\\/header-home-1.jpg\"},{\"@type\":\"BreadcrumbList\",\"@id\":\"https:\\\/\\\/www.stonebridge-insurance.com\\\/fr\\\/#breadcrumb\",\"itemListElement\":[{\"@type\":\"ListItem\",\"position\":1,\"name\":\"Home\",\"item\":\"https:\\\/\\\/www.stonebridge-insurance.com\\\/fr\\\/\"},{\"@type\":\"ListItem\",\"position\":2,\"name\":\"Home\"}]},{\"@type\":\"WebSite\",\"@id\":\"https:\\\/\\\/www.stonebridge-insurance.com\\\/#website\",\"url\":\"https:\\\/\\\/www.stonebridge-insurance.com\\\/\",\"name\":\"Stonebridge Insurance\",\"description\":\"\",\"publisher\":{\"@id\":\"https:\\\/\\\/www.stonebridge-insurance.com\\\/#organization\"},\"potentialAction\":[{\"@type\":\"SearchAction\",\"target\":{\"@type\":\"EntryPoint\",\"urlTemplate\":\"https:\\\/\\\/www.stonebridge-insurance.com\\\/?s={search_term_string}\"},\"query-input\":{\"@type\":\"PropertyValueSpecification\",\"valueRequired\":true,\"valueName\":\"search_term_string\"}}],\"inLanguage\":\"fr-FR\"},{\"@type\":\"Organization\",\"@id\":\"https:\\\/\\\/www.stonebridge-insurance.com\\\/#organization\",\"name\":\"Stonebridge Insurance\",\"url\":\"https:\\\/\\\/www.stonebridge-insurance.com\\\/\",\"logo\":{\"@type\":\"ImageObject\",\"inLanguage\":\"fr-FR\",\"@id\":\"https:\\\/\\\/www.stonebridge-insurance.com\\\/#\\\/schema\\\/logo\\\/image\\\/\",\"url\":\"https:\\\/\\\/www.stonebridge-insurance.com\\\/wp-content\\\/uploads\\\/2022\\\/07\\\/1651768901766.jpg\",\"contentUrl\":\"https:\\\/\\\/www.stonebridge-insurance.com\\\/wp-content\\\/uploads\\\/2022\\\/07\\\/1651768901766.jpg\",\"width\":200,\"height\":200,\"caption\":\"Stonebridge Insurance\"},\"image\":{\"@id\":\"https:\\\/\\\/www.stonebridge-insurance.com\\\/#\\\/schema\\\/logo\\\/image\\\/\"},\"sameAs\":[\"https:\\\/\\\/www.facebook.com\\\/StonebridgeInternationalInsurance\",\"https:\\\/\\\/x.com\\\/StonebridgeInt\",\"https:\\\/\\\/www.linkedin.com\\\/company\\\/stonebridge-international-insurance\\\/\"]}]}<\/script>\n<!-- \/ Yoast SEO plugin. -->","yoast_head_json":{"title":"Home - Stonebridge Insurance","robots":{"index":"index","follow":"follow","max-snippet":"max-snippet:-1","max-image-preview":"max-image-preview:large","max-video-preview":"max-video-preview:-1"},"canonical":"https:\/\/www.stonebridge-insurance.com\/fr\/","og_locale":"fr_FR","og_type":"article","og_title":"Home - Stonebridge Insurance","og_description":"Vous aider \u00e0 prot\u00e9ger ce qui est important. En raison du Brexit et de la sortie du Royaume-Uni de l&rsquo;Union europ\u00e9enne, Stonebridge n&rsquo;est plus en mesure de vous fournir votre police d&rsquo;assurance. Une lettre de confirmation a \u00e9t\u00e9 envoy\u00e9e \u00e0 tous les clients en d\u00e9cembre 2020 confirmant notre d\u00e9cision et la date de paiement de [&hellip;]","og_url":"https:\/\/www.stonebridge-insurance.com\/fr\/","og_site_name":"Stonebridge Insurance","article_publisher":"https:\/\/www.facebook.com\/StonebridgeInternationalInsurance","article_modified_time":"2024-04-23T08:09:17+00:00","og_image":[{"url":"https:\/\/www.stonebridge-insurance.com\/wp-content\/uploads\/2021\/05\/header-home-1.jpg","type":"","width":"","height":""}],"twitter_card":"summary_large_image","twitter_site":"@StonebridgeInt","twitter_misc":{"Dur\u00e9e de lecture estim\u00e9e":"1 minute"},"schema":{"@context":"https:\/\/schema.org","@graph":[{"@type":"WebPage","@id":"https:\/\/www.stonebridge-insurance.com\/fr\/","url":"https:\/\/www.stonebridge-insurance.com\/fr\/","name":"Home - Stonebridge Insurance","isPartOf":{"@id":"https:\/\/www.stonebridge-insurance.com\/#website"},"primaryImageOfPage":{"@id":"https:\/\/www.stonebridge-insurance.com\/fr\/#primaryimage"},"image":{"@id":"https:\/\/www.stonebridge-insurance.com\/fr\/#primaryimage"},"thumbnailUrl":"https:\/\/www.stonebridge-insurance.com\/wp-content\/uploads\/2021\/05\/header-home-1.jpg","datePublished":"2021-05-03T04:50:56+00:00","dateModified":"2024-04-23T08:09:17+00:00","breadcrumb":{"@id":"https:\/\/www.stonebridge-insurance.com\/fr\/#breadcrumb"},"inLanguage":"fr-FR","potentialAction":[{"@type":"ReadAction","target":["https:\/\/www.stonebridge-insurance.com\/fr\/"]}]},{"@type":"ImageObject","inLanguage":"fr-FR","@id":"https:\/\/www.stonebridge-insurance.com\/fr\/#primaryimage","url":"https:\/\/www.stonebridge-insurance.com\/wp-content\/uploads\/2021\/05\/header-home-1.jpg","contentUrl":"https:\/\/www.stonebridge-insurance.com\/wp-content\/uploads\/2021\/05\/header-home-1.jpg"},{"@type":"BreadcrumbList","@id":"https:\/\/www.stonebridge-insurance.com\/fr\/#breadcrumb","itemListElement":[{"@type":"ListItem","position":1,"name":"Home","item":"https:\/\/www.stonebridge-insurance.com\/fr\/"},{"@type":"ListItem","position":2,"name":"Home"}]},{"@type":"WebSite","@id":"https:\/\/www.stonebridge-insurance.com\/#website","url":"https:\/\/www.stonebridge-insurance.com\/","name":"Stonebridge Insurance","description":"","publisher":{"@id":"https:\/\/www.stonebridge-insurance.com\/#organization"},"potentialAction":[{"@type":"SearchAction","target":{"@type":"EntryPoint","urlTemplate":"https:\/\/www.stonebridge-insurance.com\/?s={search_term_string}"},"query-input":{"@type":"PropertyValueSpecification","valueRequired":true,"valueName":"search_term_string"}}],"inLanguage":"fr-FR"},{"@type":"Organization","@id":"https:\/\/www.stonebridge-insurance.com\/#organization","name":"Stonebridge Insurance","url":"https:\/\/www.stonebridge-insurance.com\/","logo":{"@type":"ImageObject","inLanguage":"fr-FR","@id":"https:\/\/www.stonebridge-insurance.com\/#\/schema\/logo\/image\/","url":"https:\/\/www.stonebridge-insurance.com\/wp-content\/uploads\/2022\/07\/1651768901766.jpg","contentUrl":"https:\/\/www.stonebridge-insurance.com\/wp-content\/uploads\/2022\/07\/1651768901766.jpg","width":200,"height":200,"caption":"Stonebridge Insurance"},"image":{"@id":"https:\/\/www.stonebridge-insurance.com\/#\/schema\/logo\/image\/"},"sameAs":["https:\/\/www.facebook.com\/StonebridgeInternationalInsurance","https:\/\/x.com\/StonebridgeInt","https:\/\/www.linkedin.com\/company\/stonebridge-international-insurance\/"]}]}},"_links":{"self":[{"href":"https:\/\/www.stonebridge-insurance.com\/fr\/wp-json\/wp\/v2\/pages\/1543","targetHints":{"allow":["GET"]}}],"collection":[{"href":"https:\/\/www.stonebridge-insurance.com\/fr\/wp-json\/wp\/v2\/pages"}],"about":[{"href":"https:\/\/www.stonebridge-insurance.com\/fr\/wp-json\/wp\/v2\/types\/page"}],"author":[{"embeddable":true,"href":"https:\/\/www.stonebridge-insurance.com\/fr\/wp-json\/wp\/v2\/users\/1"}],"replies":[{"embeddable":true,"href":"https:\/\/www.stonebridge-insurance.com\/fr\/wp-json\/wp\/v2\/comments?post=1543"}],"version-history":[{"count":34,"href":"https:\/\/www.stonebridge-insurance.com\/fr\/wp-json\/wp\/v2\/pages\/1543\/revisions"}],"predecessor-version":[{"id":4935,"href":"https:\/\/www.stonebridge-insurance.com\/fr\/wp-json\/wp\/v2\/pages\/1543\/revisions\/4935"}],"wp:attachment":[{"href":"https:\/\/www.stonebridge-insurance.com\/fr\/wp-json\/wp\/v2\/media?parent=1543"}],"curies":[{"name":"wp","href":"https:\/\/api.w.org\/{rel}","templated":true}]}}