{"id":1740,"date":"2021-05-06T11:01:21","date_gmt":"2021-05-06T11:01:21","guid":{"rendered":"https:\/\/www.stonebridge-insurance.com\/?page_id=1740"},"modified":"2021-07-15T12:45:05","modified_gmt":"2021-07-15T12:45:05","slug":"legal-information","status":"publish","type":"page","link":"https:\/\/www.stonebridge-insurance.com\/fr\/legal-information\/","title":{"rendered":"Legal Information"},"content":{"rendered":"\t\t<div data-elementor-type=\"wp-page\" data-elementor-id=\"1740\" class=\"elementor elementor-1740\" data-elementor-post-type=\"page\">\n\t\t\t\t\t\t<section class=\"elementor-section elementor-top-section elementor-element elementor-element-70e9696 slope elementor-section-boxed elementor-section-height-default elementor-section-height-default\" data-id=\"70e9696\" data-element_type=\"section\" data-e-type=\"section\" id=\"slope\" data-settings=\"{&quot;background_background&quot;:&quot;classic&quot;}\">\n\t\t\t\t\t\t<div class=\"elementor-container elementor-column-gap-default\">\n\t\t\t\t\t<div class=\"elementor-column elementor-col-100 elementor-top-column elementor-element elementor-element-35be865\" data-id=\"35be865\" data-element_type=\"column\" data-e-type=\"column\">\n\t\t\t<div class=\"elementor-widget-wrap elementor-element-populated\">\n\t\t\t\t\t\t<div class=\"elementor-element elementor-element-9b447dd elementor-widget elementor-widget-heading\" data-id=\"9b447dd\" data-element_type=\"widget\" data-e-type=\"widget\" data-widget_type=\"heading.default\">\n\t\t\t\t<div class=\"elementor-widget-container\">\n\t\t\t\t\t<h2 class=\"elementor-heading-title elementor-size-default\">Information l\u00e9gale\n<\/h2>\t\t\t\t<\/div>\n\t\t\t\t<\/div>\n\t\t\t\t\t<\/div>\n\t\t<\/div>\n\t\t\t\t\t<\/div>\n\t\t<\/section>\n\t\t\t\t<section class=\"elementor-section elementor-top-section elementor-element elementor-element-9a5c55a elementor-section-boxed elementor-section-height-default elementor-section-height-default\" data-id=\"9a5c55a\" data-element_type=\"section\" data-e-type=\"section\">\n\t\t\t\t\t\t<div class=\"elementor-container elementor-column-gap-default\">\n\t\t\t\t\t<div class=\"elementor-column elementor-col-100 elementor-top-column elementor-element elementor-element-fd083ac\" data-id=\"fd083ac\" data-element_type=\"column\" data-e-type=\"column\">\n\t\t\t<div class=\"elementor-widget-wrap elementor-element-populated\">\n\t\t\t\t\t\t<div class=\"elementor-element elementor-element-ddcce14 elementor-widget elementor-widget-text-editor\" data-id=\"ddcce14\" data-element_type=\"widget\" data-e-type=\"widget\" data-widget_type=\"text-editor.default\">\n\t\t\t\t<div class=\"elementor-widget-container\">\n\t\t\t\t\t\t\t\t\t<a href=\"https:\/\/www.stonebridge-insurance.com\/fr\/\">Stonebridge Insurance<\/a> \/ <span style=\"color: #001e32;\">Information l\u00e9gale\n<\/span>\t\t\t\t\t\t\t\t<\/div>\n\t\t\t\t<\/div>\n\t\t\t\t\t<\/div>\n\t\t<\/div>\n\t\t\t\t\t<\/div>\n\t\t<\/section>\n\t\t\t\t<section class=\"elementor-section elementor-top-section elementor-element elementor-element-3c48711 elementor-section-boxed elementor-section-height-default elementor-section-height-default\" data-id=\"3c48711\" data-element_type=\"section\" data-e-type=\"section\">\n\t\t\t\t\t\t<div class=\"elementor-container elementor-column-gap-default\">\n\t\t\t\t\t<div class=\"elementor-column elementor-col-50 elementor-top-column elementor-element elementor-element-93ca5e3\" data-id=\"93ca5e3\" data-element_type=\"column\" data-e-type=\"column\" data-settings=\"{&quot;background_background&quot;:&quot;classic&quot;}\">\n\t\t\t<div class=\"elementor-widget-wrap elementor-element-populated\">\n\t\t\t\t\t\t<div class=\"elementor-element elementor-element-82cd395 elementor-align-left elementor-widget elementor-widget-button\" data-id=\"82cd395\" data-element_type=\"widget\" data-e-type=\"widget\" data-widget_type=\"button.default\">\n\t\t\t\t<div class=\"elementor-widget-container\">\n\t\t\t\t\t\t\t\t\t<div class=\"elementor-button-wrapper\">\n\t\t\t\t\t<a class=\"elementor-button elementor-button-link elementor-size-sm\" href=\"https:\/\/www.stonebridge-insurance.com\/fr\/\">\n\t\t\t\t\t\t<span class=\"elementor-button-content-wrapper\">\n\t\t\t\t\t\t<span class=\"elementor-button-icon\">\n\t\t\t\t<i aria-hidden=\"true\" class=\"fas fa-angle-left\"><\/i>\t\t\t<\/span>\n\t\t\t\t\t\t\t\t\t<span class=\"elementor-button-text\">Stonebridge Insurance<\/span>\n\t\t\t\t\t<\/span>\n\t\t\t\t\t<\/a>\n\t\t\t\t<\/div>\n\t\t\t\t\t\t\t\t<\/div>\n\t\t\t\t<\/div>\n\t\t\t\t\t<\/div>\n\t\t<\/div>\n\t\t\t\t<div class=\"elementor-column elementor-col-50 elementor-top-column elementor-element elementor-element-10c2261\" data-id=\"10c2261\" data-element_type=\"column\" data-e-type=\"column\">\n\t\t\t<div class=\"elementor-widget-wrap elementor-element-populated\">\n\t\t\t\t\t\t<div class=\"elementor-element elementor-element-e03b4a7 elementor-widget elementor-widget-heading\" data-id=\"e03b4a7\" data-element_type=\"widget\" data-e-type=\"widget\" data-widget_type=\"heading.default\">\n\t\t\t\t<div class=\"elementor-widget-container\">\n\t\t\t\t\t<h2 class=\"elementor-heading-title elementor-size-default\">G\u00e9n\u00e9rale<\/h2>\t\t\t\t<\/div>\n\t\t\t\t<\/div>\n\t\t\t\t<div class=\"elementor-element elementor-element-779eb50 elementor-widget elementor-widget-text-editor\" data-id=\"779eb50\" data-element_type=\"widget\" data-e-type=\"widget\" data-widget_type=\"text-editor.default\">\n\t\t\t\t<div class=\"elementor-widget-container\">\n\t\t\t\t\t\t\t\t\t<p>Ces termes et conditions ainsi que notre politique en mati\u00e8re de cookies, notre politique de confidentialit\u00e9 et tout autre document auquel nous nous r\u00e9f\u00e9rons s&rsquo;appliquent \u00e0 tous les utilisateurs du site Web de Stonebridge International Insurance Ltd. (\u00ab\u00a0Stonebridge\u00a0\u00bb) (le \u00ab\u00a0Site\u00a0\u00bb) et vous comprenez qu&rsquo;en acc\u00e9dant \u00e0 ce Site, vous acceptez d&rsquo;\u00eatre li\u00e9 par eux.<\/p>\t\t\t\t\t\t\t\t<\/div>\n\t\t\t\t<\/div>\n\t\t\t\t<div class=\"elementor-element elementor-element-34d6723 elementor-widget elementor-widget-text-editor\" data-id=\"34d6723\" data-element_type=\"widget\" data-e-type=\"widget\" data-widget_type=\"text-editor.default\">\n\t\t\t\t<div class=\"elementor-widget-container\">\n\t\t\t\t\t\t\t\t\tStonebridge peut, pour quelque raison que ce soit, modifier le contenu, suspendre ou mettre fin \u00e0 l&rsquo;acc\u00e8s \u00e0 ce site sans pr\u00e9avis. Stonebridge fera tous les efforts raisonnables pour s&rsquo;assurer que toutes les informations sur le Site sont exactes et \u00e0 jour. Cependant, Stonebridge ne fait aucune d\u00e9claration ni ne donne aucune garantie quant \u00e0 la fiabilit\u00e9, l&rsquo;exactitude et l&rsquo;exhaustivit\u00e9 de ces informations. Bien que Stonebridge d\u00e9ploiera des efforts raisonnables pour s&rsquo;assurer que le site est normalement disponible 24 heures sur 24, Stonebridge ne sera pas responsable si, pour une raison quelconque, le site est indisponible \u00e0 tout moment ou pour toute p\u00e9riode.\n\t\t\t\t\t\t\t\t<\/div>\n\t\t\t\t<\/div>\n\t\t\t\t<div class=\"elementor-element elementor-element-6d71133 elementor-widget elementor-widget-text-editor\" data-id=\"6d71133\" data-element_type=\"widget\" data-e-type=\"widget\" data-widget_type=\"text-editor.default\">\n\t\t\t\t<div class=\"elementor-widget-container\">\n\t\t\t\t\t\t\t\t\tLe contenu de ce site est uniquement \u00e0 des fins d&rsquo;information et rien de ce qui est contenu sur ce site Web ne constitue un conseil en investissement, juridique, fiscal ou autre. Si vous avez besoin de plus de d\u00e9tails concernant nos produits et services, veuillez nous contacter.\n\t\t\t\t\t\t\t\t<\/div>\n\t\t\t\t<\/div>\n\t\t\t\t<div class=\"elementor-element elementor-element-3b9e474 elementor-widget elementor-widget-heading\" data-id=\"3b9e474\" data-element_type=\"widget\" data-e-type=\"widget\" data-widget_type=\"heading.default\">\n\t\t\t\t<div class=\"elementor-widget-container\">\n\t\t\t\t\t<h2 class=\"elementor-heading-title elementor-size-default\">Droits d'auteur et marques de commerce\n<\/h2>\t\t\t\t<\/div>\n\t\t\t\t<\/div>\n\t\t\t\t<div class=\"elementor-element elementor-element-08f0316 elementor-widget elementor-widget-text-editor\" data-id=\"08f0316\" data-element_type=\"widget\" data-e-type=\"widget\" data-widget_type=\"text-editor.default\">\n\t\t\t\t<div class=\"elementor-widget-container\">\n\t\t\t\t\t\t\t\t\tLe contenu de ce site est la propri\u00e9t\u00e9 de Stonebridge ou de ses conc\u00e9dants de licence et est prot\u00e9g\u00e9 par le droit d&rsquo;auteur et d&rsquo;autres lois sur la propri\u00e9t\u00e9 intellectuelle. Il peut \u00eatre affich\u00e9, reformat\u00e9 et imprim\u00e9 uniquement pour votre usage personnel et non commercial. En utilisant le Site, vous acceptez de ne pas reproduire, retransmettre, distribuer ou modifier le contenu du Site (y compris les graphiques) \u00e0 quiconque sans le consentement \u00e9crit pr\u00e9alable de Stonebridge.\n\t\t\t\t\t\t\t\t<\/div>\n\t\t\t\t<\/div>\n\t\t\t\t<div class=\"elementor-element elementor-element-0c350d4 elementor-widget elementor-widget-heading\" data-id=\"0c350d4\" data-element_type=\"widget\" data-e-type=\"widget\" data-widget_type=\"heading.default\">\n\t\t\t\t<div class=\"elementor-widget-container\">\n\t\t\t\t\t<h2 class=\"elementor-heading-title elementor-size-default\">Responsabilit\u00e9\n<\/h2>\t\t\t\t<\/div>\n\t\t\t\t<\/div>\n\t\t\t\t<div class=\"elementor-element elementor-element-85e5763 elementor-widget elementor-widget-text-editor\" data-id=\"85e5763\" data-element_type=\"widget\" data-e-type=\"widget\" data-widget_type=\"text-editor.default\">\n\t\t\t\t<div class=\"elementor-widget-container\">\n\t\t\t\t\t\t\t\t\tStonebridge ne sera pas responsable des pertes ou dommages directs ou indirects, sp\u00e9ciaux, accessoires ou cons\u00e9cutifs, y compris la perte de b\u00e9n\u00e9fices, d&rsquo;affaires, de revenus ou de client\u00e8le, r\u00e9sultant de ou en relation avec l&rsquo;utilisation, ou l&rsquo;impossibilit\u00e9 d&rsquo;utiliser, l&rsquo;interruption ou la non-disponibilit\u00e9 de ce Site, son fonctionnement ou sa transmission, son contenu, les virus informatiques, la perte de donn\u00e9es ou autre en ce qui concerne votre utilisation du Site.\n\t\t\t\t\t\t\t\t<\/div>\n\t\t\t\t<\/div>\n\t\t\t\t<div class=\"elementor-element elementor-element-d587c20 elementor-widget elementor-widget-text-editor\" data-id=\"d587c20\" data-element_type=\"widget\" data-e-type=\"widget\" data-widget_type=\"text-editor.default\">\n\t\t\t\t<div class=\"elementor-widget-container\">\n\t\t\t\t\t\t\t\t\tIl sera \u00e9galement exclu de ces conditions dans toute la mesure permise par la loi, toutes garanties, conditions ou termes qui pourraient autrement, en l&rsquo;absence de cette clause, \u00eatre implicites en vertu de toute loi, droit commun ou autre.\n\t\t\t\t\t\t\t\t<\/div>\n\t\t\t\t<\/div>\n\t\t\t\t<div class=\"elementor-element elementor-element-5122287 elementor-widget elementor-widget-heading\" data-id=\"5122287\" data-element_type=\"widget\" data-e-type=\"widget\" data-widget_type=\"heading.default\">\n\t\t\t\t<div class=\"elementor-widget-container\">\n\t\t\t\t\t<h2 class=\"elementor-heading-title elementor-size-default\">Liens vers des sites tiers<\/h2>\t\t\t\t<\/div>\n\t\t\t\t<\/div>\n\t\t\t\t<div class=\"elementor-element elementor-element-d1ffd83 elementor-widget elementor-widget-text-editor\" data-id=\"d1ffd83\" data-element_type=\"widget\" data-e-type=\"widget\" data-widget_type=\"text-editor.default\">\n\t\t\t\t<div class=\"elementor-widget-container\">\n\t\t\t\t\t\t\t\t\tDe temps \u00e0 autre, Stonebridge peut fournir des hyperliens sur le Site qui peuvent conduire \u00e0 des sites Web g\u00e9r\u00e9s par des tiers sur lesquels Stonebridge n&rsquo;a aucun contr\u00f4le et que Stonebridge n&rsquo;a pas examin\u00e9s. Si vous utilisez ces liens, vous quittez le Site. Le mat\u00e9riel de ces sites a \u00e9t\u00e9 produit par des fournisseurs ind\u00e9pendants, qui ne sont pas affili\u00e9s \u00e0 Stonebridge. De plus, ces sites Web ont leurs propres politiques de confidentialit\u00e9 et Stonebridge n&rsquo;accepte aucune responsabilit\u00e9 pour ces politiques.\n\t\t\t\t\t\t\t\t<\/div>\n\t\t\t\t<\/div>\n\t\t\t\t<div class=\"elementor-element elementor-element-10d9c09 elementor-widget elementor-widget-text-editor\" data-id=\"10d9c09\" data-element_type=\"widget\" data-e-type=\"widget\" data-widget_type=\"text-editor.default\">\n\t\t\t\t<div class=\"elementor-widget-container\">\n\t\t\t\t\t\t\t\t\tLes opinions ou recommandations exprim\u00e9es sur des sites tiers sont uniquement celles des fournisseurs ind\u00e9pendants, et non de Stonebridge. Stonebridge ne garantit ni ne donne aucune garantie concernant les informations contenues sur ces sites tiers ou sur les sites li\u00e9s \u00e0 ces sites. Stonebridge ne sera pas responsable de toute perte ou dommage r\u00e9sultant de votre confiance dans ces informations. Tous les liens vers des sites tiers sont fournis uniquement pour votre commodit\u00e9 et \u00e0 vos risques et p\u00e9rils.\n\t\t\t\t\t\t\t\t<\/div>\n\t\t\t\t<\/div>\n\t\t\t\t<div class=\"elementor-element elementor-element-ef7e0b6 elementor-widget elementor-widget-heading\" data-id=\"ef7e0b6\" data-element_type=\"widget\" data-e-type=\"widget\" data-widget_type=\"heading.default\">\n\t\t\t\t<div class=\"elementor-widget-container\">\n\t\t\t\t\t<h2 class=\"elementor-heading-title elementor-size-default\">Courriel Internet\n<\/h2>\t\t\t\t<\/div>\n\t\t\t\t<\/div>\n\t\t\t\t<div class=\"elementor-element elementor-element-0614acd elementor-widget elementor-widget-text-editor\" data-id=\"0614acd\" data-element_type=\"widget\" data-e-type=\"widget\" data-widget_type=\"text-editor.default\">\n\t\t\t\t<div class=\"elementor-widget-container\">\n\t\t\t\t\t\t\t\t\tLes messages envoy\u00e9s sur Internet ne peuvent \u00eatre garantis comme \u00e9tant compl\u00e8tement s\u00e9curis\u00e9s car ils sont sujets \u00e0 une \u00e9ventuelle interception, perte ou alt\u00e9ration possible. Stonebridge n&rsquo;en est pas responsable et ne sera pas responsable envers vous ou toute autre personne pour tout dommage ou autre en relation avec tout message que vous avez envoy\u00e9 \u00e0 Stonebridge ou tout message envoy\u00e9 par Stonebridge sur Internet.\n\t\t\t\t\t\t\t\t<\/div>\n\t\t\t\t<\/div>\n\t\t\t\t<div class=\"elementor-element elementor-element-868a95d elementor-widget elementor-widget-heading\" data-id=\"868a95d\" data-element_type=\"widget\" data-e-type=\"widget\" data-widget_type=\"heading.default\">\n\t\t\t\t<div class=\"elementor-widget-container\">\n\t\t\t\t\t<h2 class=\"elementor-heading-title elementor-size-default\">Des photos\n<\/h2>\t\t\t\t<\/div>\n\t\t\t\t<\/div>\n\t\t\t\t<div class=\"elementor-element elementor-element-81debaf elementor-widget elementor-widget-text-editor\" data-id=\"81debaf\" data-element_type=\"widget\" data-e-type=\"widget\" data-widget_type=\"text-editor.default\">\n\t\t\t\t<div class=\"elementor-widget-container\">\n\t\t\t\t\t\t\t\t\tLes photos et illustrations de ce site Web ne peuvent \u00eatre utilis\u00e9es qu&rsquo;avec l&rsquo;autorisation des propri\u00e9taires et de Stonebridge.\n\t\t\t\t\t\t\t\t<\/div>\n\t\t\t\t<\/div>\n\t\t\t\t\t<\/div>\n\t\t<\/div>\n\t\t\t\t\t<\/div>\n\t\t<\/section>\n\t\t\t\t<\/div>\n\t\t","protected":false},"excerpt":{"rendered":"<p>Information l\u00e9gale Stonebridge Insurance \/ Information l\u00e9gale Stonebridge Insurance G\u00e9n\u00e9rale Ces termes et conditions ainsi que notre politique en mati\u00e8re de cookies, notre politique de confidentialit\u00e9 et tout autre document auquel nous nous r\u00e9f\u00e9rons s&rsquo;appliquent \u00e0 tous les utilisateurs du site Web de Stonebridge International Insurance Ltd. (\u00ab\u00a0Stonebridge\u00a0\u00bb) (le \u00ab\u00a0Site\u00a0\u00bb) et vous comprenez qu&rsquo;en acc\u00e9dant [&hellip;]<\/p>\n","protected":false},"author":1,"featured_media":0,"parent":0,"menu_order":0,"comment_status":"closed","ping_status":"open","template":"","meta":{"_monsterinsights_skip_tracking":false,"_monsterinsights_sitenote_active":false,"_monsterinsights_sitenote_note":"","_monsterinsights_sitenote_category":0,"footnotes":""},"class_list":["post-1740","page","type-page","status-publish","hentry"],"yoast_head":"<!-- This site is optimized with the Yoast SEO plugin v27.3 - https:\/\/yoast.com\/product\/yoast-seo-wordpress\/ -->\n<title>Legal Information - Stonebridge Insurance<\/title>\n<meta name=\"robots\" content=\"index, follow, max-snippet:-1, max-image-preview:large, max-video-preview:-1\" \/>\n<link rel=\"canonical\" href=\"https:\/\/www.stonebridge-insurance.com\/legal-information\/\" \/>\n<meta property=\"og:locale\" content=\"fr_FR\" \/>\n<meta property=\"og:type\" content=\"article\" \/>\n<meta property=\"og:title\" content=\"Legal Information - Stonebridge Insurance\" \/>\n<meta property=\"og:description\" content=\"Information l\u00e9gale Stonebridge Insurance \/ Information l\u00e9gale Stonebridge Insurance G\u00e9n\u00e9rale Ces termes et conditions ainsi que notre politique en mati\u00e8re de cookies, notre politique de confidentialit\u00e9 et tout autre document auquel nous nous r\u00e9f\u00e9rons s&rsquo;appliquent \u00e0 tous les utilisateurs du site Web de Stonebridge International Insurance Ltd. (\u00ab\u00a0Stonebridge\u00a0\u00bb) (le \u00ab\u00a0Site\u00a0\u00bb) et vous comprenez qu&rsquo;en acc\u00e9dant [&hellip;]\" \/>\n<meta property=\"og:url\" content=\"https:\/\/www.stonebridge-insurance.com\/legal-information\/\" \/>\n<meta property=\"og:site_name\" content=\"Stonebridge Insurance\" \/>\n<meta property=\"article:publisher\" content=\"https:\/\/www.facebook.com\/StonebridgeInternationalInsurance\" \/>\n<meta property=\"article:modified_time\" content=\"2021-07-15T12:45:05+00:00\" \/>\n<meta name=\"twitter:card\" content=\"summary_large_image\" \/>\n<meta name=\"twitter:site\" content=\"@StonebridgeInt\" \/>\n<meta name=\"twitter:label1\" content=\"Dur\u00e9e de lecture estim\u00e9e\" \/>\n\t<meta name=\"twitter:data1\" content=\"3 minutes\" \/>\n<script type=\"application\/ld+json\" class=\"yoast-schema-graph\">{\"@context\":\"https:\\\/\\\/schema.org\",\"@graph\":[{\"@type\":\"WebPage\",\"@id\":\"https:\\\/\\\/www.stonebridge-insurance.com\\\/legal-information\\\/\",\"url\":\"https:\\\/\\\/www.stonebridge-insurance.com\\\/legal-information\\\/\",\"name\":\"Legal Information - Stonebridge Insurance\",\"isPartOf\":{\"@id\":\"https:\\\/\\\/www.stonebridge-insurance.com\\\/#website\"},\"datePublished\":\"2021-05-06T11:01:21+00:00\",\"dateModified\":\"2021-07-15T12:45:05+00:00\",\"breadcrumb\":{\"@id\":\"https:\\\/\\\/www.stonebridge-insurance.com\\\/legal-information\\\/#breadcrumb\"},\"inLanguage\":\"fr-FR\",\"potentialAction\":[{\"@type\":\"ReadAction\",\"target\":[\"https:\\\/\\\/www.stonebridge-insurance.com\\\/legal-information\\\/\"]}]},{\"@type\":\"BreadcrumbList\",\"@id\":\"https:\\\/\\\/www.stonebridge-insurance.com\\\/legal-information\\\/#breadcrumb\",\"itemListElement\":[{\"@type\":\"ListItem\",\"position\":1,\"name\":\"Home\",\"item\":\"https:\\\/\\\/www.stonebridge-insurance.com\\\/fr\\\/\"},{\"@type\":\"ListItem\",\"position\":2,\"name\":\"Legal Information\"}]},{\"@type\":\"WebSite\",\"@id\":\"https:\\\/\\\/www.stonebridge-insurance.com\\\/#website\",\"url\":\"https:\\\/\\\/www.stonebridge-insurance.com\\\/\",\"name\":\"Stonebridge Insurance\",\"description\":\"\",\"publisher\":{\"@id\":\"https:\\\/\\\/www.stonebridge-insurance.com\\\/#organization\"},\"potentialAction\":[{\"@type\":\"SearchAction\",\"target\":{\"@type\":\"EntryPoint\",\"urlTemplate\":\"https:\\\/\\\/www.stonebridge-insurance.com\\\/?s={search_term_string}\"},\"query-input\":{\"@type\":\"PropertyValueSpecification\",\"valueRequired\":true,\"valueName\":\"search_term_string\"}}],\"inLanguage\":\"fr-FR\"},{\"@type\":\"Organization\",\"@id\":\"https:\\\/\\\/www.stonebridge-insurance.com\\\/#organization\",\"name\":\"Stonebridge Insurance\",\"url\":\"https:\\\/\\\/www.stonebridge-insurance.com\\\/\",\"logo\":{\"@type\":\"ImageObject\",\"inLanguage\":\"fr-FR\",\"@id\":\"https:\\\/\\\/www.stonebridge-insurance.com\\\/#\\\/schema\\\/logo\\\/image\\\/\",\"url\":\"https:\\\/\\\/www.stonebridge-insurance.com\\\/wp-content\\\/uploads\\\/2022\\\/07\\\/1651768901766.jpg\",\"contentUrl\":\"https:\\\/\\\/www.stonebridge-insurance.com\\\/wp-content\\\/uploads\\\/2022\\\/07\\\/1651768901766.jpg\",\"width\":200,\"height\":200,\"caption\":\"Stonebridge Insurance\"},\"image\":{\"@id\":\"https:\\\/\\\/www.stonebridge-insurance.com\\\/#\\\/schema\\\/logo\\\/image\\\/\"},\"sameAs\":[\"https:\\\/\\\/www.facebook.com\\\/StonebridgeInternationalInsurance\",\"https:\\\/\\\/x.com\\\/StonebridgeInt\",\"https:\\\/\\\/www.linkedin.com\\\/company\\\/stonebridge-international-insurance\\\/\"]}]}<\/script>\n<!-- \/ Yoast SEO plugin. -->","yoast_head_json":{"title":"Legal Information - Stonebridge Insurance","robots":{"index":"index","follow":"follow","max-snippet":"max-snippet:-1","max-image-preview":"max-image-preview:large","max-video-preview":"max-video-preview:-1"},"canonical":"https:\/\/www.stonebridge-insurance.com\/legal-information\/","og_locale":"fr_FR","og_type":"article","og_title":"Legal Information - Stonebridge Insurance","og_description":"Information l\u00e9gale Stonebridge Insurance \/ Information l\u00e9gale Stonebridge Insurance G\u00e9n\u00e9rale Ces termes et conditions ainsi que notre politique en mati\u00e8re de cookies, notre politique de confidentialit\u00e9 et tout autre document auquel nous nous r\u00e9f\u00e9rons s&rsquo;appliquent \u00e0 tous les utilisateurs du site Web de Stonebridge International Insurance Ltd. (\u00ab\u00a0Stonebridge\u00a0\u00bb) (le \u00ab\u00a0Site\u00a0\u00bb) et vous comprenez qu&rsquo;en acc\u00e9dant [&hellip;]","og_url":"https:\/\/www.stonebridge-insurance.com\/legal-information\/","og_site_name":"Stonebridge Insurance","article_publisher":"https:\/\/www.facebook.com\/StonebridgeInternationalInsurance","article_modified_time":"2021-07-15T12:45:05+00:00","twitter_card":"summary_large_image","twitter_site":"@StonebridgeInt","twitter_misc":{"Dur\u00e9e de lecture estim\u00e9e":"3 minutes"},"schema":{"@context":"https:\/\/schema.org","@graph":[{"@type":"WebPage","@id":"https:\/\/www.stonebridge-insurance.com\/legal-information\/","url":"https:\/\/www.stonebridge-insurance.com\/legal-information\/","name":"Legal Information - Stonebridge Insurance","isPartOf":{"@id":"https:\/\/www.stonebridge-insurance.com\/#website"},"datePublished":"2021-05-06T11:01:21+00:00","dateModified":"2021-07-15T12:45:05+00:00","breadcrumb":{"@id":"https:\/\/www.stonebridge-insurance.com\/legal-information\/#breadcrumb"},"inLanguage":"fr-FR","potentialAction":[{"@type":"ReadAction","target":["https:\/\/www.stonebridge-insurance.com\/legal-information\/"]}]},{"@type":"BreadcrumbList","@id":"https:\/\/www.stonebridge-insurance.com\/legal-information\/#breadcrumb","itemListElement":[{"@type":"ListItem","position":1,"name":"Home","item":"https:\/\/www.stonebridge-insurance.com\/fr\/"},{"@type":"ListItem","position":2,"name":"Legal Information"}]},{"@type":"WebSite","@id":"https:\/\/www.stonebridge-insurance.com\/#website","url":"https:\/\/www.stonebridge-insurance.com\/","name":"Stonebridge Insurance","description":"","publisher":{"@id":"https:\/\/www.stonebridge-insurance.com\/#organization"},"potentialAction":[{"@type":"SearchAction","target":{"@type":"EntryPoint","urlTemplate":"https:\/\/www.stonebridge-insurance.com\/?s={search_term_string}"},"query-input":{"@type":"PropertyValueSpecification","valueRequired":true,"valueName":"search_term_string"}}],"inLanguage":"fr-FR"},{"@type":"Organization","@id":"https:\/\/www.stonebridge-insurance.com\/#organization","name":"Stonebridge Insurance","url":"https:\/\/www.stonebridge-insurance.com\/","logo":{"@type":"ImageObject","inLanguage":"fr-FR","@id":"https:\/\/www.stonebridge-insurance.com\/#\/schema\/logo\/image\/","url":"https:\/\/www.stonebridge-insurance.com\/wp-content\/uploads\/2022\/07\/1651768901766.jpg","contentUrl":"https:\/\/www.stonebridge-insurance.com\/wp-content\/uploads\/2022\/07\/1651768901766.jpg","width":200,"height":200,"caption":"Stonebridge Insurance"},"image":{"@id":"https:\/\/www.stonebridge-insurance.com\/#\/schema\/logo\/image\/"},"sameAs":["https:\/\/www.facebook.com\/StonebridgeInternationalInsurance","https:\/\/x.com\/StonebridgeInt","https:\/\/www.linkedin.com\/company\/stonebridge-international-insurance\/"]}]}},"_links":{"self":[{"href":"https:\/\/www.stonebridge-insurance.com\/fr\/wp-json\/wp\/v2\/pages\/1740","targetHints":{"allow":["GET"]}}],"collection":[{"href":"https:\/\/www.stonebridge-insurance.com\/fr\/wp-json\/wp\/v2\/pages"}],"about":[{"href":"https:\/\/www.stonebridge-insurance.com\/fr\/wp-json\/wp\/v2\/types\/page"}],"author":[{"embeddable":true,"href":"https:\/\/www.stonebridge-insurance.com\/fr\/wp-json\/wp\/v2\/users\/1"}],"replies":[{"embeddable":true,"href":"https:\/\/www.stonebridge-insurance.com\/fr\/wp-json\/wp\/v2\/comments?post=1740"}],"version-history":[{"count":10,"href":"https:\/\/www.stonebridge-insurance.com\/fr\/wp-json\/wp\/v2\/pages\/1740\/revisions"}],"predecessor-version":[{"id":1751,"href":"https:\/\/www.stonebridge-insurance.com\/fr\/wp-json\/wp\/v2\/pages\/1740\/revisions\/1751"}],"wp:attachment":[{"href":"https:\/\/www.stonebridge-insurance.com\/fr\/wp-json\/wp\/v2\/media?parent=1740"}],"curies":[{"name":"wp","href":"https:\/\/api.w.org\/{rel}","templated":true}]}}