{"id":2373,"date":"2021-05-06T11:01:21","date_gmt":"2021-05-06T11:01:21","guid":{"rendered":"https:\/\/www.stonebridge-insurance.com\/?page_id=2373"},"modified":"2021-08-02T16:05:37","modified_gmt":"2021-08-02T16:05:37","slug":"legal-information","status":"publish","type":"page","link":"https:\/\/www.stonebridge-insurance.com\/it\/legal-information\/","title":{"rendered":"Legal Information"},"content":{"rendered":"\t\t<div data-elementor-type=\"wp-page\" data-elementor-id=\"2373\" class=\"elementor elementor-2373\" data-elementor-post-type=\"page\">\n\t\t\t\t\t\t<section class=\"elementor-section elementor-top-section elementor-element elementor-element-70e9696 slope elementor-section-boxed elementor-section-height-default elementor-section-height-default\" data-id=\"70e9696\" data-element_type=\"section\" data-e-type=\"section\" id=\"slope\" data-settings=\"{&quot;background_background&quot;:&quot;classic&quot;}\">\n\t\t\t\t\t\t<div class=\"elementor-container elementor-column-gap-default\">\n\t\t\t\t\t<div class=\"elementor-column elementor-col-100 elementor-top-column elementor-element elementor-element-35be865\" data-id=\"35be865\" data-element_type=\"column\" data-e-type=\"column\">\n\t\t\t<div class=\"elementor-widget-wrap elementor-element-populated\">\n\t\t\t\t\t\t<div class=\"elementor-element elementor-element-9b447dd elementor-widget elementor-widget-heading\" data-id=\"9b447dd\" data-element_type=\"widget\" data-e-type=\"widget\" data-widget_type=\"heading.default\">\n\t\t\t\t<div class=\"elementor-widget-container\">\n\t\t\t\t\t<h2 class=\"elementor-heading-title elementor-size-default\">Informazione legale\n<\/h2>\t\t\t\t<\/div>\n\t\t\t\t<\/div>\n\t\t\t\t\t<\/div>\n\t\t<\/div>\n\t\t\t\t\t<\/div>\n\t\t<\/section>\n\t\t\t\t<section class=\"elementor-section elementor-top-section elementor-element elementor-element-9a5c55a elementor-section-boxed elementor-section-height-default elementor-section-height-default\" data-id=\"9a5c55a\" data-element_type=\"section\" data-e-type=\"section\">\n\t\t\t\t\t\t<div class=\"elementor-container elementor-column-gap-default\">\n\t\t\t\t\t<div class=\"elementor-column elementor-col-100 elementor-top-column elementor-element elementor-element-fd083ac\" data-id=\"fd083ac\" data-element_type=\"column\" data-e-type=\"column\">\n\t\t\t<div class=\"elementor-widget-wrap elementor-element-populated\">\n\t\t\t\t\t\t<div class=\"elementor-element elementor-element-ddcce14 elementor-widget elementor-widget-text-editor\" data-id=\"ddcce14\" data-element_type=\"widget\" data-e-type=\"widget\" data-widget_type=\"text-editor.default\">\n\t\t\t\t<div class=\"elementor-widget-container\">\n\t\t\t\t\t\t\t\t\t<a href=\"https:\/\/www.stonebridge-insurance.com\/it\/\">Stonebridge Insurance<\/a> \/ <span style=\"color: #001e32;\">Informazione legale\n<\/span>\t\t\t\t\t\t\t\t<\/div>\n\t\t\t\t<\/div>\n\t\t\t\t\t<\/div>\n\t\t<\/div>\n\t\t\t\t\t<\/div>\n\t\t<\/section>\n\t\t\t\t<section class=\"elementor-section elementor-top-section elementor-element elementor-element-3c48711 elementor-section-boxed elementor-section-height-default elementor-section-height-default\" data-id=\"3c48711\" data-element_type=\"section\" data-e-type=\"section\">\n\t\t\t\t\t\t<div class=\"elementor-container elementor-column-gap-default\">\n\t\t\t\t\t<div class=\"elementor-column elementor-col-50 elementor-top-column elementor-element elementor-element-93ca5e3\" data-id=\"93ca5e3\" data-element_type=\"column\" data-e-type=\"column\" data-settings=\"{&quot;background_background&quot;:&quot;classic&quot;}\">\n\t\t\t<div class=\"elementor-widget-wrap elementor-element-populated\">\n\t\t\t\t\t\t<div class=\"elementor-element elementor-element-82cd395 elementor-align-left elementor-widget elementor-widget-button\" data-id=\"82cd395\" data-element_type=\"widget\" data-e-type=\"widget\" data-widget_type=\"button.default\">\n\t\t\t\t<div class=\"elementor-widget-container\">\n\t\t\t\t\t\t\t\t\t<div class=\"elementor-button-wrapper\">\n\t\t\t\t\t<a class=\"elementor-button elementor-button-link elementor-size-sm\" href=\"https:\/\/www.stonebridge-insurance.com\/it\/\">\n\t\t\t\t\t\t<span class=\"elementor-button-content-wrapper\">\n\t\t\t\t\t\t<span class=\"elementor-button-icon\">\n\t\t\t\t<i aria-hidden=\"true\" class=\"fas fa-angle-left\"><\/i>\t\t\t<\/span>\n\t\t\t\t\t\t\t\t\t<span class=\"elementor-button-text\">Stonebridge Insurance<\/span>\n\t\t\t\t\t<\/span>\n\t\t\t\t\t<\/a>\n\t\t\t\t<\/div>\n\t\t\t\t\t\t\t\t<\/div>\n\t\t\t\t<\/div>\n\t\t\t\t\t<\/div>\n\t\t<\/div>\n\t\t\t\t<div class=\"elementor-column elementor-col-50 elementor-top-column elementor-element elementor-element-10c2261\" data-id=\"10c2261\" data-element_type=\"column\" data-e-type=\"column\">\n\t\t\t<div class=\"elementor-widget-wrap elementor-element-populated\">\n\t\t\t\t\t\t<div class=\"elementor-element elementor-element-e03b4a7 elementor-widget elementor-widget-heading\" data-id=\"e03b4a7\" data-element_type=\"widget\" data-e-type=\"widget\" data-widget_type=\"heading.default\">\n\t\t\t\t<div class=\"elementor-widget-container\">\n\t\t\t\t\t<h2 class=\"elementor-heading-title elementor-size-default\">Generale<\/h2>\t\t\t\t<\/div>\n\t\t\t\t<\/div>\n\t\t\t\t<div class=\"elementor-element elementor-element-779eb50 elementor-widget elementor-widget-text-editor\" data-id=\"779eb50\" data-element_type=\"widget\" data-e-type=\"widget\" data-widget_type=\"text-editor.default\">\n\t\t\t\t<div class=\"elementor-widget-container\">\n\t\t\t\t\t\t\t\t\tQuesti termini e condizioni insieme alla nostra Informativa sui cookie, Informativa sulla privacy e qualsiasi altro documento a cui si fa riferimento da noi si applicano a tutti gli utenti del sito web di Stonebridge International Insurance Ltd. (&#8220;Stonebridge &#8220;) (il &#8220;Sito&#8221;) e l&#8217;utente comprende che accedendo a questo Sito accetti di essere vincolato da loro.\n\t\t\t\t\t\t\t\t<\/div>\n\t\t\t\t<\/div>\n\t\t\t\t<div class=\"elementor-element elementor-element-34d6723 elementor-widget elementor-widget-text-editor\" data-id=\"34d6723\" data-element_type=\"widget\" data-e-type=\"widget\" data-widget_type=\"text-editor.default\">\n\t\t\t\t<div class=\"elementor-widget-container\">\n\t\t\t\t\t\t\t\t\tStonebridge pu\u00f2 per qualsiasi motivo alterare i contenuti di, sospendere o interrompere l&#8217;accesso a questo Sito senza preavviso. Stonebridge compir\u00e0 ogni ragionevole sforzo per garantire che tutte le informazioni sul Sito siano accurate e aggiornate. Tuttavia Stonebridge non rilascia alcuna dichiarazione n\u00e9 fornisce alcuna garanzia in merito all&#8217;affidabilit\u00e0, accuratezza e completezza di tali informazioni. Sebbene Stonebridge compir\u00e0 ogni ragionevole sforzo per garantire che il Sito sia normalmente disponibile 24 ore al giorno, Stonebridge non sar\u00e0 responsabile se per qualsiasi motivo il Sito non \u00e8 disponibile in qualsiasi momento o per qualsiasi periodo.\n\t\t\t\t\t\t\t\t<\/div>\n\t\t\t\t<\/div>\n\t\t\t\t<div class=\"elementor-element elementor-element-6d71133 elementor-widget elementor-widget-text-editor\" data-id=\"6d71133\" data-element_type=\"widget\" data-e-type=\"widget\" data-widget_type=\"text-editor.default\">\n\t\t\t\t<div class=\"elementor-widget-container\">\n\t\t\t\t\t\t\t\t\tI contenuti di questo sito sono solo a scopo informativo e nulla di quanto contenuto in questo sito costituisce consulenza di investimento, legale, fiscale o di altro tipo. Se hai bisogno di ulteriori dettagli sui nostri prodotti e servizi, contattaci.\n\t\t\t\t\t\t\t\t<\/div>\n\t\t\t\t<\/div>\n\t\t\t\t<div class=\"elementor-element elementor-element-3b9e474 elementor-widget elementor-widget-heading\" data-id=\"3b9e474\" data-element_type=\"widget\" data-e-type=\"widget\" data-widget_type=\"heading.default\">\n\t\t\t\t<div class=\"elementor-widget-container\">\n\t\t\t\t\t<h2 class=\"elementor-heading-title elementor-size-default\">Copyright e marchi\n<\/h2>\t\t\t\t<\/div>\n\t\t\t\t<\/div>\n\t\t\t\t<div class=\"elementor-element elementor-element-08f0316 elementor-widget elementor-widget-text-editor\" data-id=\"08f0316\" data-element_type=\"widget\" data-e-type=\"widget\" data-widget_type=\"text-editor.default\">\n\t\t\t\t<div class=\"elementor-widget-container\">\n\t\t\t\t\t\t\t\t\tIl contenuto di questo Sito \u00e8 di propriet\u00e0 di Stonebridge o dei suoi licenziatari ed \u00e8 protetto da copyright e altre leggi sulla propriet\u00e0 intellettuale. Pu\u00f2 essere visualizzato, riformattato e stampato solo per uso personale e non commerciale. Utilizzando il Sito accetti di non riprodurre, ritrasmettere, distribuire o modificare il contenuto del Sito (inclusa qualsiasi grafica) a nessuno senza il preventivo consenso scritto di Stonebridge.\n\t\t\t\t\t\t\t\t<\/div>\n\t\t\t\t<\/div>\n\t\t\t\t<div class=\"elementor-element elementor-element-0c350d4 elementor-widget elementor-widget-heading\" data-id=\"0c350d4\" data-element_type=\"widget\" data-e-type=\"widget\" data-widget_type=\"heading.default\">\n\t\t\t\t<div class=\"elementor-widget-container\">\n\t\t\t\t\t<h2 class=\"elementor-heading-title elementor-size-default\">Responsabilit\u00e0<\/h2>\t\t\t\t<\/div>\n\t\t\t\t<\/div>\n\t\t\t\t<div class=\"elementor-element elementor-element-85e5763 elementor-widget elementor-widget-text-editor\" data-id=\"85e5763\" data-element_type=\"widget\" data-e-type=\"widget\" data-widget_type=\"text-editor.default\">\n\t\t\t\t<div class=\"elementor-widget-container\">\n\t\t\t\t\t\t\t\t\tStonebridge non sar\u00e0 responsabile per qualsiasi perdita o danno diretto o indiretto, speciale, incidentale o consequenziale, inclusa la perdita di profitti, affari, entrate o avviamento, derivante da o in connessione con l&#8217;uso, o l&#8217;impossibilit\u00e0 di utilizzare, interruzione o mancata disponibilit\u00e0 di questo Sito, il suo funzionamento o trasmissione, i suoi contenuti, virus informatici, perdita di dati o altro in relazione all&#8217;utilizzo del Sito da parte dell&#8217;utente.\n\t\t\t\t\t\t\t\t<\/div>\n\t\t\t\t<\/div>\n\t\t\t\t<div class=\"elementor-element elementor-element-d587c20 elementor-widget elementor-widget-text-editor\" data-id=\"d587c20\" data-element_type=\"widget\" data-e-type=\"widget\" data-widget_type=\"text-editor.default\">\n\t\t\t\t<div class=\"elementor-widget-container\">\n\t\t\t\t\t\t\t\t\tSaranno inoltre escluse da queste condizioni nella misura massima consentita dalla legge, eventuali garanzie, condizioni o termini che potrebbero altrimenti, in assenza di questa clausola, essere impliciti in virt\u00f9 di qualsiasi statuto, diritto comune o altro.\n\t\t\t\t\t\t\t\t<\/div>\n\t\t\t\t<\/div>\n\t\t\t\t<div class=\"elementor-element elementor-element-5122287 elementor-widget elementor-widget-heading\" data-id=\"5122287\" data-element_type=\"widget\" data-e-type=\"widget\" data-widget_type=\"heading.default\">\n\t\t\t\t<div class=\"elementor-widget-container\">\n\t\t\t\t\t<h2 class=\"elementor-heading-title elementor-size-default\">Collegamenti a siti Web di terzi\n<\/h2>\t\t\t\t<\/div>\n\t\t\t\t<\/div>\n\t\t\t\t<div class=\"elementor-element elementor-element-d1ffd83 elementor-widget elementor-widget-text-editor\" data-id=\"d1ffd83\" data-element_type=\"widget\" data-e-type=\"widget\" data-widget_type=\"text-editor.default\">\n\t\t\t\t<div class=\"elementor-widget-container\">\n\t\t\t\t\t\t\t\t\tDi tanto in tanto Stonebridge pu\u00f2 fornire collegamenti ipertestuali sul Sito che possono portare a siti Web gestiti da terzi sui quali Stonebridge non ha alcun controllo e che Stonebridge non ha esaminato. Se utilizzi questi link, lasci il Sito. Il materiale su questi siti \u00e8 stato prodotto da fornitori indipendenti, non affiliati a Stonebridge. Inoltre, questi siti Web hanno le proprie politiche sulla privacy e Stonebridge non si assume alcuna responsabilit\u00e0 per tali politiche.\n\t\t\t\t\t\t\t\t<\/div>\n\t\t\t\t<\/div>\n\t\t\t\t<div class=\"elementor-element elementor-element-10d9c09 elementor-widget elementor-widget-text-editor\" data-id=\"10d9c09\" data-element_type=\"widget\" data-e-type=\"widget\" data-widget_type=\"text-editor.default\">\n\t\t\t\t<div class=\"elementor-widget-container\">\n\t\t\t\t\t\t\t\t\tEventuali opinioni o raccomandazioni espresse su siti di terzi sono esclusivamente quelle dei fornitori indipendenti, non di Stonebridge. Stonebridge non garantisce n\u00e9 presta alcuna garanzia in merito alle informazioni contenute su tali siti di terze parti o collegati a tali siti. Stonebridge non sar\u00e0 responsabile per eventuali perdite o danni derivanti dall&#8217;affidamento a tali informazioni. Eventuali collegamenti a siti di terze parti sono forniti esclusivamente per comodit\u00e0 dell&#8217;utente ea proprio rischio.\n\t\t\t\t\t\t\t\t<\/div>\n\t\t\t\t<\/div>\n\t\t\t\t<div class=\"elementor-element elementor-element-ef7e0b6 elementor-widget elementor-widget-heading\" data-id=\"ef7e0b6\" data-element_type=\"widget\" data-e-type=\"widget\" data-widget_type=\"heading.default\">\n\t\t\t\t<div class=\"elementor-widget-container\">\n\t\t\t\t\t<h2 class=\"elementor-heading-title elementor-size-default\">E-mail Internet\n<\/h2>\t\t\t\t<\/div>\n\t\t\t\t<\/div>\n\t\t\t\t<div class=\"elementor-element elementor-element-0614acd elementor-widget elementor-widget-text-editor\" data-id=\"0614acd\" data-element_type=\"widget\" data-e-type=\"widget\" data-widget_type=\"text-editor.default\">\n\t\t\t\t<div class=\"elementor-widget-container\">\n\t\t\t\t\t\t\t\t\tNon \u00e8 possibile garantire che i messaggi inviati su Internet siano completamente sicuri in quanto soggetti a possibili intercettazioni, perdite o possibili alterazioni. Stonebridge non \u00e8 responsabile per essi e non sar\u00e0 responsabile nei confronti dell&#8217;utente o di chiunque altro per eventuali danni o altro in relazione a qualsiasi messaggio inviato dall&#8217;utente a Stonebridge oa qualsiasi messaggio inviato da Stonebridge all&#8217;utente su Internet.\n\t\t\t\t\t\t\t\t<\/div>\n\t\t\t\t<\/div>\n\t\t\t\t<div class=\"elementor-element elementor-element-868a95d elementor-widget elementor-widget-heading\" data-id=\"868a95d\" data-element_type=\"widget\" data-e-type=\"widget\" data-widget_type=\"heading.default\">\n\t\t\t\t<div class=\"elementor-widget-container\">\n\t\t\t\t\t<h2 class=\"elementor-heading-title elementor-size-default\">Immagini<\/h2>\t\t\t\t<\/div>\n\t\t\t\t<\/div>\n\t\t\t\t<div class=\"elementor-element elementor-element-81debaf elementor-widget elementor-widget-text-editor\" data-id=\"81debaf\" data-element_type=\"widget\" data-e-type=\"widget\" data-widget_type=\"text-editor.default\">\n\t\t\t\t<div class=\"elementor-widget-container\">\n\t\t\t\t\t\t\t\t\tLe foto e le illustrazioni su questo sito Web possono essere utilizzate solo con il permesso dei proprietari e di Stonebridge.\n\t\t\t\t\t\t\t\t<\/div>\n\t\t\t\t<\/div>\n\t\t\t\t\t<\/div>\n\t\t<\/div>\n\t\t\t\t\t<\/div>\n\t\t<\/section>\n\t\t\t\t<\/div>\n\t\t","protected":false},"excerpt":{"rendered":"<p>Informazione legale Stonebridge Insurance \/ Informazione legale Stonebridge Insurance Generale Questi termini e condizioni insieme alla nostra Informativa sui cookie, Informativa sulla privacy e qualsiasi altro documento a cui si fa riferimento da noi si applicano a tutti gli utenti del sito web di Stonebridge International Insurance Ltd. (&#8220;Stonebridge &#8220;) (il &#8220;Sito&#8221;) e l&#8217;utente comprende [&hellip;]<\/p>\n","protected":false},"author":1,"featured_media":0,"parent":0,"menu_order":0,"comment_status":"closed","ping_status":"open","template":"","meta":{"_monsterinsights_skip_tracking":false,"_monsterinsights_sitenote_active":false,"_monsterinsights_sitenote_note":"","_monsterinsights_sitenote_category":0,"footnotes":""},"class_list":["post-2373","page","type-page","status-publish","hentry"],"yoast_head":"<!-- This site is optimized with the Yoast SEO plugin v27.3 - https:\/\/yoast.com\/product\/yoast-seo-wordpress\/ -->\n<title>Legal Information - Stonebridge Insurance<\/title>\n<meta name=\"robots\" content=\"index, follow, max-snippet:-1, max-image-preview:large, max-video-preview:-1\" \/>\n<link rel=\"canonical\" href=\"https:\/\/www.stonebridge-insurance.com\/legal-information\/\" \/>\n<meta property=\"og:locale\" content=\"it_IT\" \/>\n<meta property=\"og:type\" content=\"article\" \/>\n<meta property=\"og:title\" content=\"Legal Information - Stonebridge Insurance\" \/>\n<meta property=\"og:description\" content=\"Informazione legale Stonebridge Insurance \/ Informazione legale Stonebridge Insurance Generale Questi termini e condizioni insieme alla nostra Informativa sui cookie, Informativa sulla privacy e qualsiasi altro documento a cui si fa riferimento da noi si applicano a tutti gli utenti del sito web di Stonebridge International Insurance Ltd. (&#8220;Stonebridge &#8220;) (il &#8220;Sito&#8221;) e l&#8217;utente comprende [&hellip;]\" \/>\n<meta property=\"og:url\" content=\"https:\/\/www.stonebridge-insurance.com\/legal-information\/\" \/>\n<meta property=\"og:site_name\" content=\"Stonebridge Insurance\" \/>\n<meta property=\"article:publisher\" content=\"https:\/\/www.facebook.com\/StonebridgeInternationalInsurance\" \/>\n<meta property=\"article:modified_time\" content=\"2021-08-02T16:05:37+00:00\" \/>\n<meta name=\"twitter:card\" content=\"summary_large_image\" \/>\n<meta name=\"twitter:site\" content=\"@StonebridgeInt\" \/>\n<meta name=\"twitter:label1\" content=\"Tempo di lettura stimato\" \/>\n\t<meta name=\"twitter:data1\" content=\"3 minuti\" \/>\n<script type=\"application\/ld+json\" class=\"yoast-schema-graph\">{\"@context\":\"https:\\\/\\\/schema.org\",\"@graph\":[{\"@type\":\"WebPage\",\"@id\":\"https:\\\/\\\/www.stonebridge-insurance.com\\\/legal-information\\\/\",\"url\":\"https:\\\/\\\/www.stonebridge-insurance.com\\\/legal-information\\\/\",\"name\":\"Legal Information - Stonebridge Insurance\",\"isPartOf\":{\"@id\":\"https:\\\/\\\/www.stonebridge-insurance.com\\\/#website\"},\"datePublished\":\"2021-05-06T11:01:21+00:00\",\"dateModified\":\"2021-08-02T16:05:37+00:00\",\"breadcrumb\":{\"@id\":\"https:\\\/\\\/www.stonebridge-insurance.com\\\/legal-information\\\/#breadcrumb\"},\"inLanguage\":\"it-IT\",\"potentialAction\":[{\"@type\":\"ReadAction\",\"target\":[\"https:\\\/\\\/www.stonebridge-insurance.com\\\/legal-information\\\/\"]}]},{\"@type\":\"BreadcrumbList\",\"@id\":\"https:\\\/\\\/www.stonebridge-insurance.com\\\/legal-information\\\/#breadcrumb\",\"itemListElement\":[{\"@type\":\"ListItem\",\"position\":1,\"name\":\"Home\",\"item\":\"https:\\\/\\\/www.stonebridge-insurance.com\\\/fr\\\/\"},{\"@type\":\"ListItem\",\"position\":2,\"name\":\"Legal Information\"}]},{\"@type\":\"WebSite\",\"@id\":\"https:\\\/\\\/www.stonebridge-insurance.com\\\/#website\",\"url\":\"https:\\\/\\\/www.stonebridge-insurance.com\\\/\",\"name\":\"Stonebridge Insurance\",\"description\":\"\",\"publisher\":{\"@id\":\"https:\\\/\\\/www.stonebridge-insurance.com\\\/#organization\"},\"potentialAction\":[{\"@type\":\"SearchAction\",\"target\":{\"@type\":\"EntryPoint\",\"urlTemplate\":\"https:\\\/\\\/www.stonebridge-insurance.com\\\/?s={search_term_string}\"},\"query-input\":{\"@type\":\"PropertyValueSpecification\",\"valueRequired\":true,\"valueName\":\"search_term_string\"}}],\"inLanguage\":\"it-IT\"},{\"@type\":\"Organization\",\"@id\":\"https:\\\/\\\/www.stonebridge-insurance.com\\\/#organization\",\"name\":\"Stonebridge Insurance\",\"url\":\"https:\\\/\\\/www.stonebridge-insurance.com\\\/\",\"logo\":{\"@type\":\"ImageObject\",\"inLanguage\":\"it-IT\",\"@id\":\"https:\\\/\\\/www.stonebridge-insurance.com\\\/#\\\/schema\\\/logo\\\/image\\\/\",\"url\":\"https:\\\/\\\/www.stonebridge-insurance.com\\\/wp-content\\\/uploads\\\/2022\\\/07\\\/1651768901766.jpg\",\"contentUrl\":\"https:\\\/\\\/www.stonebridge-insurance.com\\\/wp-content\\\/uploads\\\/2022\\\/07\\\/1651768901766.jpg\",\"width\":200,\"height\":200,\"caption\":\"Stonebridge Insurance\"},\"image\":{\"@id\":\"https:\\\/\\\/www.stonebridge-insurance.com\\\/#\\\/schema\\\/logo\\\/image\\\/\"},\"sameAs\":[\"https:\\\/\\\/www.facebook.com\\\/StonebridgeInternationalInsurance\",\"https:\\\/\\\/x.com\\\/StonebridgeInt\",\"https:\\\/\\\/www.linkedin.com\\\/company\\\/stonebridge-international-insurance\\\/\"]}]}<\/script>\n<!-- \/ Yoast SEO plugin. -->","yoast_head_json":{"title":"Legal Information - Stonebridge Insurance","robots":{"index":"index","follow":"follow","max-snippet":"max-snippet:-1","max-image-preview":"max-image-preview:large","max-video-preview":"max-video-preview:-1"},"canonical":"https:\/\/www.stonebridge-insurance.com\/legal-information\/","og_locale":"it_IT","og_type":"article","og_title":"Legal Information - Stonebridge Insurance","og_description":"Informazione legale Stonebridge Insurance \/ Informazione legale Stonebridge Insurance Generale Questi termini e condizioni insieme alla nostra Informativa sui cookie, Informativa sulla privacy e qualsiasi altro documento a cui si fa riferimento da noi si applicano a tutti gli utenti del sito web di Stonebridge International Insurance Ltd. (&#8220;Stonebridge &#8220;) (il &#8220;Sito&#8221;) e l&#8217;utente comprende [&hellip;]","og_url":"https:\/\/www.stonebridge-insurance.com\/legal-information\/","og_site_name":"Stonebridge Insurance","article_publisher":"https:\/\/www.facebook.com\/StonebridgeInternationalInsurance","article_modified_time":"2021-08-02T16:05:37+00:00","twitter_card":"summary_large_image","twitter_site":"@StonebridgeInt","twitter_misc":{"Tempo di lettura stimato":"3 minuti"},"schema":{"@context":"https:\/\/schema.org","@graph":[{"@type":"WebPage","@id":"https:\/\/www.stonebridge-insurance.com\/legal-information\/","url":"https:\/\/www.stonebridge-insurance.com\/legal-information\/","name":"Legal Information - Stonebridge Insurance","isPartOf":{"@id":"https:\/\/www.stonebridge-insurance.com\/#website"},"datePublished":"2021-05-06T11:01:21+00:00","dateModified":"2021-08-02T16:05:37+00:00","breadcrumb":{"@id":"https:\/\/www.stonebridge-insurance.com\/legal-information\/#breadcrumb"},"inLanguage":"it-IT","potentialAction":[{"@type":"ReadAction","target":["https:\/\/www.stonebridge-insurance.com\/legal-information\/"]}]},{"@type":"BreadcrumbList","@id":"https:\/\/www.stonebridge-insurance.com\/legal-information\/#breadcrumb","itemListElement":[{"@type":"ListItem","position":1,"name":"Home","item":"https:\/\/www.stonebridge-insurance.com\/fr\/"},{"@type":"ListItem","position":2,"name":"Legal Information"}]},{"@type":"WebSite","@id":"https:\/\/www.stonebridge-insurance.com\/#website","url":"https:\/\/www.stonebridge-insurance.com\/","name":"Stonebridge Insurance","description":"","publisher":{"@id":"https:\/\/www.stonebridge-insurance.com\/#organization"},"potentialAction":[{"@type":"SearchAction","target":{"@type":"EntryPoint","urlTemplate":"https:\/\/www.stonebridge-insurance.com\/?s={search_term_string}"},"query-input":{"@type":"PropertyValueSpecification","valueRequired":true,"valueName":"search_term_string"}}],"inLanguage":"it-IT"},{"@type":"Organization","@id":"https:\/\/www.stonebridge-insurance.com\/#organization","name":"Stonebridge Insurance","url":"https:\/\/www.stonebridge-insurance.com\/","logo":{"@type":"ImageObject","inLanguage":"it-IT","@id":"https:\/\/www.stonebridge-insurance.com\/#\/schema\/logo\/image\/","url":"https:\/\/www.stonebridge-insurance.com\/wp-content\/uploads\/2022\/07\/1651768901766.jpg","contentUrl":"https:\/\/www.stonebridge-insurance.com\/wp-content\/uploads\/2022\/07\/1651768901766.jpg","width":200,"height":200,"caption":"Stonebridge Insurance"},"image":{"@id":"https:\/\/www.stonebridge-insurance.com\/#\/schema\/logo\/image\/"},"sameAs":["https:\/\/www.facebook.com\/StonebridgeInternationalInsurance","https:\/\/x.com\/StonebridgeInt","https:\/\/www.linkedin.com\/company\/stonebridge-international-insurance\/"]}]}},"_links":{"self":[{"href":"https:\/\/www.stonebridge-insurance.com\/it\/wp-json\/wp\/v2\/pages\/2373","targetHints":{"allow":["GET"]}}],"collection":[{"href":"https:\/\/www.stonebridge-insurance.com\/it\/wp-json\/wp\/v2\/pages"}],"about":[{"href":"https:\/\/www.stonebridge-insurance.com\/it\/wp-json\/wp\/v2\/types\/page"}],"author":[{"embeddable":true,"href":"https:\/\/www.stonebridge-insurance.com\/it\/wp-json\/wp\/v2\/users\/1"}],"replies":[{"embeddable":true,"href":"https:\/\/www.stonebridge-insurance.com\/it\/wp-json\/wp\/v2\/comments?post=2373"}],"version-history":[{"count":4,"href":"https:\/\/www.stonebridge-insurance.com\/it\/wp-json\/wp\/v2\/pages\/2373\/revisions"}],"predecessor-version":[{"id":2377,"href":"https:\/\/www.stonebridge-insurance.com\/it\/wp-json\/wp\/v2\/pages\/2373\/revisions\/2377"}],"wp:attachment":[{"href":"https:\/\/www.stonebridge-insurance.com\/it\/wp-json\/wp\/v2\/media?parent=2373"}],"curies":[{"name":"wp","href":"https:\/\/api.w.org\/{rel}","templated":true}]}}